{"id":2251,"date":"2023-09-08T18:21:03","date_gmt":"2023-09-08T18:21:03","guid":{"rendered":"http:\/\/www.accueillons.ca\/aue\/?page_id=2251"},"modified":"2023-11-11T15:37:51","modified_gmt":"2023-11-11T15:37:51","slug":"la-fondation-quebecoise-aidons-un-enfant","status":"publish","type":"page","link":"http:\/\/www.accueillons.ca\/aue\/la-fondation-quebecoise-aidons-un-enfant\/","title":{"rendered":"La Fondation qu\u00e9b\u00e9coise aidons un enfant"},"content":{"rendered":"\n<style type=\"text\/css\" data-created_by=\"avia_inline_auto\" id=\"style-css-av-lmaq05rk-ae718169cfe142f7123e041e3ac2f9b7\">\n.avia-section.av-lmaq05rk-ae718169cfe142f7123e041e3ac2f9b7{\nbackground-repeat:no-repeat;\nbackground-image:url(http:\/\/www.accueillons.ca\/aue\/wp-content\/uploads\/2023\/09\/Bandeau-Fondation-scaled.jpg);\nbackground-position:0% 0%;\nbackground-attachment:scroll;\n}\n<\/style>\n<div id='bandeau-page-normale'  class='avia-section av-lmaq05rk-ae718169cfe142f7123e041e3ac2f9b7 main_color avia-section-default avia-no-border-styling  avia-builder-el-0  el_before_av_one_fifth  avia-builder-el-first  Bandeau-Page-Normale avia-bg-style-scroll container_wrap sidebar_right'  data-section-bg-repeat='no-repeat'><div class='container av-section-cont-open' ><main  role=\"main\" itemprop=\"mainContentOfPage\"  class='template-page content  av-content-small alpha units'><div class='post-entry post-entry-type-page post-entry-2251'><div class='entry-content-wrapper clearfix'><\/div><\/div><\/main><!-- close content main element --><\/div><\/div><div id='after_section_1'  class='main_color av_default_container_wrap container_wrap sidebar_right'  ><div class='container av-section-cont-open' ><div class='template-page content  av-content-small alpha units'><div class='post-entry post-entry-type-page post-entry-2251'><div class='entry-content-wrapper clearfix'>\n\n<style type=\"text\/css\" data-created_by=\"avia_inline_auto\" id=\"style-css-av-3ojztq-ae48fb215e6dea7648e5878cb2a2e420\">\n.flex_column.av-3ojztq-ae48fb215e6dea7648e5878cb2a2e420{\npadding:0 0 0 0;\n}\n<\/style>\n<div class='flex_column av-3ojztq-ae48fb215e6dea7648e5878cb2a2e420 av_one_fifth  avia-builder-el-1  el_after_av_section  el_before_av_two_third  avia-builder-el-first  Logo-Fondation first flex_column_div '   ><style type=\"text\/css\" data-created_by=\"avia_inline_auto\" id=\"style-css-av-lmanmpgn-577b42f4636ef4e2a5cf0f223858ad88\">\n.avia-image-container.av-lmanmpgn-577b42f4636ef4e2a5cf0f223858ad88 .av-image-caption-overlay-center{\ncolor:#ffffff;\n}\n<\/style>\n<div  class='avia-image-container av-lmanmpgn-577b42f4636ef4e2a5cf0f223858ad88 av-styling- avia-align-center  avia-builder-el-2  avia-builder-el-no-sibling '  itemprop=\"image\" itemscope=\"itemscope\" itemtype=\"https:\/\/schema.org\/ImageObject\" ><div class=\"avia-image-container-inner\"><div class=\"avia-image-overlay-wrap\"><img decoding=\"async\" class='wp-image-841 avia-img-lazy-loading-not-841 avia_image' src=\"http:\/\/www.accueillons.ca\/aue\/wp-content\/uploads\/2017\/11\/fondation-logo.jpg\" alt='' title='fondation logo'  height=\"452\" width=\"531\"  itemprop=\"thumbnailUrl\" srcset=\"http:\/\/www.accueillons.ca\/aue\/wp-content\/uploads\/2017\/11\/fondation-logo.jpg 531w, http:\/\/www.accueillons.ca\/aue\/wp-content\/uploads\/2017\/11\/fondation-logo-300x255.jpg 300w, http:\/\/www.accueillons.ca\/aue\/wp-content\/uploads\/2017\/11\/fondation-logo-370x315.jpg 370w\" sizes=\"(max-width: 531px) 100vw, 531px\" \/><\/div><\/div><\/div><\/div>\n\n<style type=\"text\/css\" data-created_by=\"avia_inline_auto\" id=\"style-css-av-71e2m-6e6cc805468e950cfb8f095499611e4c\">\n.flex_column.av-71e2m-6e6cc805468e950cfb8f095499611e4c{\npadding:30px 0 0 0;\n}\n<\/style>\n<div class='flex_column av-71e2m-6e6cc805468e950cfb8f095499611e4c av_two_third  avia-builder-el-3  el_after_av_one_fifth  el_before_av_hr  flex_column_div '   ><section  class='av_textblock_section av-lmann07i-0ac6da5582a5a6cae350335d55aef3ef'  itemscope=\"itemscope\" itemtype=\"https:\/\/schema.org\/CreativeWork\" ><div class='avia_textblock'  itemprop=\"text\" ><p><em>La <strong>Fondation qu\u00e9b\u00e9coise Aidons un enfant<\/strong> a \u00e9t\u00e9 cr\u00e9\u00e9e par des membres de la Corporation Accueillons Un Enfant. Au cours de leurs nombreuses missions \u00e0 l&rsquo;\u00e9tranger, et plus particuli\u00e8rement en Ha\u00efti, les membres de la Corporation ont \u00e9t\u00e9 sensibilis\u00e9s aux \u00e9normes besoins des enfants des pays en voie de d\u00e9veloppement, ce qui les a amen\u00e9s \u00e0 cr\u00e9er la Fondation.<\/em><\/p>\n<\/div><\/section><\/div>\n\n<style type=\"text\/css\" data-created_by=\"avia_inline_auto\" id=\"style-css-av-lmao6h6z-6ac560e6f452e4959530b47b266386e6\">\n#top .hr.hr-invisible.av-lmao6h6z-6ac560e6f452e4959530b47b266386e6{\nheight:40px;\n}\n<\/style>\n<div  class='hr av-lmao6h6z-6ac560e6f452e4959530b47b266386e6 hr-invisible  avia-builder-el-5  el_after_av_two_third  el_before_av_textblock '><span class='hr-inner '><span class=\"hr-inner-style\"><\/span><\/span><\/div>\n<section  class='av_textblock_section av-kyyy49zp-a0a9e59da7f7b0b55f90072fe90e3578'  itemscope=\"itemscope\" itemtype=\"https:\/\/schema.org\/CreativeWork\" ><div class='avia_textblock'  itemprop=\"text\" ><h2>La mission<\/h2>\n<p>Les objectifs poursuivis par la <strong>Fondation<\/strong> sont de porter secours et assistance aux enfants en difficult\u00e9 en Ha\u00efti. Ainsi, la\u00a0<strong style=\"font-style: inherit;\">Fondation<\/strong>\u00a0participe au financement des centres de nutrition pour les enfants issus de populations d\u00e9favoris\u00e9es. Elle participe \u00e9galement \u00e0 l\u2019\u00e9tablissement de centres d\u2019h\u00e9bergement et de formation pour les enfants de la rue et fournit r\u00e9guli\u00e8rement des v\u00eatements et m\u00e9dicaments \u00e0 des enfants dans le besoin.<\/p>\n<h2>Parrainage<\/h2>\n<p>Le parrainage est l\u2019une de ses activit\u00e9s privil\u00e9gi\u00e9es puisqu\u2019il permet aux enfants parrain\u00e9s d\u2019acc\u00e9der \u00e0 l\u2019\u00e9ducation. Le montant du parrainage couvre les frais d\u2019\u00e9colage et bien plus.<\/p>\n<p>Les parrains et marraines s&rsquo;engagent \u00e0 verser un montant de\u00a0<strong>350,00 $ CA par ann\u00e9e par enfant<\/strong>. Ce montant permet aux enfants de se procurer les livres, costumes et fournitures scolaires dont ils ont besoin pour poursuivre leurs \u00e9tudes. Les parrains et marraines re\u00e7oivent des nouvelles de l&rsquo;enfant parrain\u00e9.<\/p>\n<p>Le versement du parrainage peut se faire par ch\u00e8ques ou Interac. Des re\u00e7us officiels de don \u00e0 des fins d&rsquo;imp\u00f4t sur le revenu sont remis une fois par ann\u00e9e.<\/p>\n<p>Si vous d\u00e9sirez aider un enfant dans le besoin en le parrainant, n&rsquo;h\u00e9sitez pas \u00e0 contacter notre responsable du parrainage au courriel <a href=\"mailto:fqaue.parrainage@hotmail.com\">fqaue.parrainage@hotmail.com<\/a> ou au <strong>418-651-2608<\/strong><\/p>\n<h2>Dons<\/h2>\n<p><strong>Si vous d\u00e9sirez faire un don \u00e0 la fondation pour les besoins des enfants en Ha\u00efti, voici les d\u00e9marches \u00e0 faire:<\/strong><strong>\u00a0<\/strong><\/p>\n<p><strong><u>Proc\u00e9dure pour paiement par virement bancaire (Interac)\u00a0: <\/u><\/strong><\/p>\n<ul>\n<li><b class=\"\">\u00c9tape 1<\/b> &#8211; Faire le virement bancaire \u00e0 l\u2019adresse <a href=\"mailto:fqaue.parrainage@hotmail.com\" target=\"_blank\" rel=\"noopener\">fqaue.parrainage@hotmail.com<\/a><\/li>\n<li class=\"\"><b class=\"\">\u00c9tapes 2<\/b> &#8211; \u00c9crivez-nous, \u00e0 la m\u00eame adresse courriel, afin de nous indiquer \u00e0 qui ou \u00e0 quoi le virement est destin\u00e9 (don, parrainage, orphelinats, etc.). Merci de nous communiquer \u00e9galement la r\u00e9ponse \u00e0 la question de s\u00e9curit\u00e9.<\/li>\n<\/ul>\n<p><strong><u>Ou faites un don par la poste<\/u><\/strong><\/p>\n<p><strong>Fondation qu\u00e9b\u00e9coise Accueillons un enfant (FQAUE)<br \/>\n<\/strong>4600 boul. Henri-Bourassa bureau 226<br \/>\nQu\u00e9bec (Qu\u00e9bec) G1H 3A5<\/p>\n<\/div><\/section>\n","protected":false},"excerpt":{"rendered":"","protected":false},"author":4,"featured_media":2238,"parent":0,"menu_order":0,"comment_status":"closed","ping_status":"closed","template":"","meta":{"footnotes":""},"class_list":["post-2251","page","type-page","status-publish","has-post-thumbnail","hentry"],"yoast_head":"<!-- This site is optimized with the Yoast SEO plugin v27.4 - https:\/\/yoast.com\/product\/yoast-seo-wordpress\/ -->\n<title>La Fondation qu\u00e9b\u00e9coise aidons un enfant - Agence qu\u00e9b\u00e9coise d&#039;adoption ||Accueillons un enfant<\/title>\n<meta name=\"robots\" content=\"index, follow, max-snippet:-1, max-image-preview:large, max-video-preview:-1\" \/>\n<link rel=\"canonical\" href=\"https:\/\/www.accueillons.ca\/aue\/la-fondation-quebecoise-aidons-un-enfant\/\" \/>\n<meta property=\"og:locale\" content=\"fr_FR\" \/>\n<meta property=\"og:type\" content=\"article\" \/>\n<meta property=\"og:title\" content=\"La Fondation qu\u00e9b\u00e9coise aidons un enfant - Agence qu\u00e9b\u00e9coise d&#039;adoption ||Accueillons un enfant\" \/>\n<meta property=\"og:url\" content=\"https:\/\/www.accueillons.ca\/aue\/la-fondation-quebecoise-aidons-un-enfant\/\" \/>\n<meta property=\"og:site_name\" content=\"Agence qu\u00e9b\u00e9coise d&#039;adoption ||Accueillons un enfant\" \/>\n<meta property=\"article:modified_time\" content=\"2023-11-11T15:37:51+00:00\" \/>\n<meta property=\"og:image\" content=\"https:\/\/www.accueillons.ca\/aue\/wp-content\/uploads\/2023\/09\/Bandeau-Fondation-scaled.jpg\" \/>\n\t<meta property=\"og:image:width\" content=\"2560\" \/>\n\t<meta property=\"og:image:height\" content=\"709\" \/>\n\t<meta property=\"og:image:type\" content=\"image\/jpeg\" \/>\n<meta name=\"twitter:card\" content=\"summary_large_image\" \/>\n<meta name=\"twitter:label1\" content=\"Dur\u00e9e de lecture estim\u00e9e\" \/>\n\t<meta name=\"twitter:data1\" content=\"4 minutes\" \/>\n<script type=\"application\/ld+json\" class=\"yoast-schema-graph\">{\"@context\":\"https:\\\/\\\/schema.org\",\"@graph\":[{\"@type\":\"WebPage\",\"@id\":\"https:\\\/\\\/www.accueillons.ca\\\/aue\\\/la-fondation-quebecoise-aidons-un-enfant\\\/\",\"url\":\"https:\\\/\\\/www.accueillons.ca\\\/aue\\\/la-fondation-quebecoise-aidons-un-enfant\\\/\",\"name\":\"La Fondation qu\u00e9b\u00e9coise aidons un enfant - Agence qu\u00e9b\u00e9coise d&#039;adoption ||Accueillons un enfant\",\"isPartOf\":{\"@id\":\"http:\\\/\\\/www.accueillons.ca\\\/aue\\\/#website\"},\"primaryImageOfPage\":{\"@id\":\"https:\\\/\\\/www.accueillons.ca\\\/aue\\\/la-fondation-quebecoise-aidons-un-enfant\\\/#primaryimage\"},\"image\":{\"@id\":\"https:\\\/\\\/www.accueillons.ca\\\/aue\\\/la-fondation-quebecoise-aidons-un-enfant\\\/#primaryimage\"},\"thumbnailUrl\":\"http:\\\/\\\/www.accueillons.ca\\\/aue\\\/wp-content\\\/uploads\\\/2023\\\/09\\\/Bandeau-Fondation-scaled.jpg\",\"datePublished\":\"2023-09-08T18:21:03+00:00\",\"dateModified\":\"2023-11-11T15:37:51+00:00\",\"breadcrumb\":{\"@id\":\"https:\\\/\\\/www.accueillons.ca\\\/aue\\\/la-fondation-quebecoise-aidons-un-enfant\\\/#breadcrumb\"},\"inLanguage\":\"fr-FR\",\"potentialAction\":[{\"@type\":\"ReadAction\",\"target\":[\"https:\\\/\\\/www.accueillons.ca\\\/aue\\\/la-fondation-quebecoise-aidons-un-enfant\\\/\"]}]},{\"@type\":\"ImageObject\",\"inLanguage\":\"fr-FR\",\"@id\":\"https:\\\/\\\/www.accueillons.ca\\\/aue\\\/la-fondation-quebecoise-aidons-un-enfant\\\/#primaryimage\",\"url\":\"http:\\\/\\\/www.accueillons.ca\\\/aue\\\/wp-content\\\/uploads\\\/2023\\\/09\\\/Bandeau-Fondation-scaled.jpg\",\"contentUrl\":\"http:\\\/\\\/www.accueillons.ca\\\/aue\\\/wp-content\\\/uploads\\\/2023\\\/09\\\/Bandeau-Fondation-scaled.jpg\",\"width\":2560,\"height\":709},{\"@type\":\"BreadcrumbList\",\"@id\":\"https:\\\/\\\/www.accueillons.ca\\\/aue\\\/la-fondation-quebecoise-aidons-un-enfant\\\/#breadcrumb\",\"itemListElement\":[{\"@type\":\"ListItem\",\"position\":1,\"name\":\"Accueil\",\"item\":\"http:\\\/\\\/www.accueillons.ca\\\/aue\\\/\"},{\"@type\":\"ListItem\",\"position\":2,\"name\":\"La Fondation qu\u00e9b\u00e9coise aidons un enfant\"}]},{\"@type\":\"WebSite\",\"@id\":\"http:\\\/\\\/www.accueillons.ca\\\/aue\\\/#website\",\"url\":\"http:\\\/\\\/www.accueillons.ca\\\/aue\\\/\",\"name\":\"Agence qu\u00e9b\u00e9coise d&#039;adoption ||Accueillons un enfant\",\"description\":\"Agence qu\u00e9b\u00e9coise d&#039;adoption d&#039;enfants d&#039;Haiti\",\"publisher\":{\"@id\":\"http:\\\/\\\/www.accueillons.ca\\\/aue\\\/#organization\"},\"potentialAction\":[{\"@type\":\"SearchAction\",\"target\":{\"@type\":\"EntryPoint\",\"urlTemplate\":\"http:\\\/\\\/www.accueillons.ca\\\/aue\\\/?s={search_term_string}\"},\"query-input\":{\"@type\":\"PropertyValueSpecification\",\"valueRequired\":true,\"valueName\":\"search_term_string\"}}],\"inLanguage\":\"fr-FR\"},{\"@type\":\"Organization\",\"@id\":\"http:\\\/\\\/www.accueillons.ca\\\/aue\\\/#organization\",\"name\":\"Accueillons un enfant\",\"url\":\"http:\\\/\\\/www.accueillons.ca\\\/aue\\\/\",\"logo\":{\"@type\":\"ImageObject\",\"inLanguage\":\"fr-FR\",\"@id\":\"http:\\\/\\\/www.accueillons.ca\\\/aue\\\/#\\\/schema\\\/logo\\\/image\\\/\",\"url\":\"http:\\\/\\\/www.accueillons.ca\\\/aue\\\/wp-content\\\/uploads\\\/2017\\\/12\\\/cropped-logo-noir-transparent.png\",\"contentUrl\":\"http:\\\/\\\/www.accueillons.ca\\\/aue\\\/wp-content\\\/uploads\\\/2017\\\/12\\\/cropped-logo-noir-transparent.png\",\"width\":512,\"height\":512,\"caption\":\"Accueillons un enfant\"},\"image\":{\"@id\":\"http:\\\/\\\/www.accueillons.ca\\\/aue\\\/#\\\/schema\\\/logo\\\/image\\\/\"}}]}<\/script>\n<!-- \/ Yoast SEO plugin. -->","yoast_head_json":{"title":"La Fondation qu\u00e9b\u00e9coise aidons un enfant - Agence qu\u00e9b\u00e9coise d&#039;adoption ||Accueillons un enfant","robots":{"index":"index","follow":"follow","max-snippet":"max-snippet:-1","max-image-preview":"max-image-preview:large","max-video-preview":"max-video-preview:-1"},"canonical":"https:\/\/www.accueillons.ca\/aue\/la-fondation-quebecoise-aidons-un-enfant\/","og_locale":"fr_FR","og_type":"article","og_title":"La Fondation qu\u00e9b\u00e9coise aidons un enfant - Agence qu\u00e9b\u00e9coise d&#039;adoption ||Accueillons un enfant","og_url":"https:\/\/www.accueillons.ca\/aue\/la-fondation-quebecoise-aidons-un-enfant\/","og_site_name":"Agence qu\u00e9b\u00e9coise d&#039;adoption ||Accueillons un enfant","article_modified_time":"2023-11-11T15:37:51+00:00","og_image":[{"width":2560,"height":709,"url":"https:\/\/www.accueillons.ca\/aue\/wp-content\/uploads\/2023\/09\/Bandeau-Fondation-scaled.jpg","type":"image\/jpeg"}],"twitter_card":"summary_large_image","twitter_misc":{"Dur\u00e9e de lecture estim\u00e9e":"4 minutes"},"schema":{"@context":"https:\/\/schema.org","@graph":[{"@type":"WebPage","@id":"https:\/\/www.accueillons.ca\/aue\/la-fondation-quebecoise-aidons-un-enfant\/","url":"https:\/\/www.accueillons.ca\/aue\/la-fondation-quebecoise-aidons-un-enfant\/","name":"La Fondation qu\u00e9b\u00e9coise aidons un enfant - Agence qu\u00e9b\u00e9coise d&#039;adoption ||Accueillons un enfant","isPartOf":{"@id":"http:\/\/www.accueillons.ca\/aue\/#website"},"primaryImageOfPage":{"@id":"https:\/\/www.accueillons.ca\/aue\/la-fondation-quebecoise-aidons-un-enfant\/#primaryimage"},"image":{"@id":"https:\/\/www.accueillons.ca\/aue\/la-fondation-quebecoise-aidons-un-enfant\/#primaryimage"},"thumbnailUrl":"http:\/\/www.accueillons.ca\/aue\/wp-content\/uploads\/2023\/09\/Bandeau-Fondation-scaled.jpg","datePublished":"2023-09-08T18:21:03+00:00","dateModified":"2023-11-11T15:37:51+00:00","breadcrumb":{"@id":"https:\/\/www.accueillons.ca\/aue\/la-fondation-quebecoise-aidons-un-enfant\/#breadcrumb"},"inLanguage":"fr-FR","potentialAction":[{"@type":"ReadAction","target":["https:\/\/www.accueillons.ca\/aue\/la-fondation-quebecoise-aidons-un-enfant\/"]}]},{"@type":"ImageObject","inLanguage":"fr-FR","@id":"https:\/\/www.accueillons.ca\/aue\/la-fondation-quebecoise-aidons-un-enfant\/#primaryimage","url":"http:\/\/www.accueillons.ca\/aue\/wp-content\/uploads\/2023\/09\/Bandeau-Fondation-scaled.jpg","contentUrl":"http:\/\/www.accueillons.ca\/aue\/wp-content\/uploads\/2023\/09\/Bandeau-Fondation-scaled.jpg","width":2560,"height":709},{"@type":"BreadcrumbList","@id":"https:\/\/www.accueillons.ca\/aue\/la-fondation-quebecoise-aidons-un-enfant\/#breadcrumb","itemListElement":[{"@type":"ListItem","position":1,"name":"Accueil","item":"http:\/\/www.accueillons.ca\/aue\/"},{"@type":"ListItem","position":2,"name":"La Fondation qu\u00e9b\u00e9coise aidons un enfant"}]},{"@type":"WebSite","@id":"http:\/\/www.accueillons.ca\/aue\/#website","url":"http:\/\/www.accueillons.ca\/aue\/","name":"Agence qu\u00e9b\u00e9coise d&#039;adoption ||Accueillons un enfant","description":"Agence qu\u00e9b\u00e9coise d&#039;adoption d&#039;enfants d&#039;Haiti","publisher":{"@id":"http:\/\/www.accueillons.ca\/aue\/#organization"},"potentialAction":[{"@type":"SearchAction","target":{"@type":"EntryPoint","urlTemplate":"http:\/\/www.accueillons.ca\/aue\/?s={search_term_string}"},"query-input":{"@type":"PropertyValueSpecification","valueRequired":true,"valueName":"search_term_string"}}],"inLanguage":"fr-FR"},{"@type":"Organization","@id":"http:\/\/www.accueillons.ca\/aue\/#organization","name":"Accueillons un enfant","url":"http:\/\/www.accueillons.ca\/aue\/","logo":{"@type":"ImageObject","inLanguage":"fr-FR","@id":"http:\/\/www.accueillons.ca\/aue\/#\/schema\/logo\/image\/","url":"http:\/\/www.accueillons.ca\/aue\/wp-content\/uploads\/2017\/12\/cropped-logo-noir-transparent.png","contentUrl":"http:\/\/www.accueillons.ca\/aue\/wp-content\/uploads\/2017\/12\/cropped-logo-noir-transparent.png","width":512,"height":512,"caption":"Accueillons un enfant"},"image":{"@id":"http:\/\/www.accueillons.ca\/aue\/#\/schema\/logo\/image\/"}}]}},"_links":{"self":[{"href":"http:\/\/www.accueillons.ca\/aue\/wp-json\/wp\/v2\/pages\/2251","targetHints":{"allow":["GET"]}}],"collection":[{"href":"http:\/\/www.accueillons.ca\/aue\/wp-json\/wp\/v2\/pages"}],"about":[{"href":"http:\/\/www.accueillons.ca\/aue\/wp-json\/wp\/v2\/types\/page"}],"author":[{"embeddable":true,"href":"http:\/\/www.accueillons.ca\/aue\/wp-json\/wp\/v2\/users\/4"}],"replies":[{"embeddable":true,"href":"http:\/\/www.accueillons.ca\/aue\/wp-json\/wp\/v2\/comments?post=2251"}],"version-history":[{"count":9,"href":"http:\/\/www.accueillons.ca\/aue\/wp-json\/wp\/v2\/pages\/2251\/revisions"}],"predecessor-version":[{"id":3009,"href":"http:\/\/www.accueillons.ca\/aue\/wp-json\/wp\/v2\/pages\/2251\/revisions\/3009"}],"wp:featuredmedia":[{"embeddable":true,"href":"http:\/\/www.accueillons.ca\/aue\/wp-json\/wp\/v2\/media\/2238"}],"wp:attachment":[{"href":"http:\/\/www.accueillons.ca\/aue\/wp-json\/wp\/v2\/media?parent=2251"}],"curies":[{"name":"wp","href":"https:\/\/api.w.org\/{rel}","templated":true}]}}