{"id":1450,"date":"2022-12-31T21:57:00","date_gmt":"2022-12-31T21:57:00","guid":{"rendered":"https:\/\/www.accueillons.ca\/aue\/?page_id=1450"},"modified":"2025-09-26T13:30:02","modified_gmt":"2025-09-26T13:30:02","slug":"la-corporation-accueillons-un-enfant-aue","status":"publish","type":"page","link":"https:\/\/www.accueillons.ca\/aue\/la-corporation-accueillons-un-enfant-aue\/","title":{"rendered":"La corporation Accueillons un\u00a0enfant\u00a0(AUE)"},"content":{"rendered":"\n<style type=\"text\/css\" data-created_by=\"avia_inline_auto\" id=\"style-css-av-2nue2y-263896f9e9c86a4743248b477d7cdae1\">\n.avia-section.av-2nue2y-263896f9e9c86a4743248b477d7cdae1{\nbackground-repeat:no-repeat;\nbackground-image:url(https:\/\/www.accueillons.ca\/aue\/wp-content\/uploads\/2023\/09\/Bandeau-Corporation-scaled.jpg);\nbackground-position:0% 0%;\nbackground-attachment:scroll;\n}\n<\/style>\n<div id='bandeau-page-normale'  class='avia-section av-2nue2y-263896f9e9c86a4743248b477d7cdae1 main_color avia-section-default avia-no-border-styling  avia-builder-el-0  el_before_av_three_fourth  avia-builder-el-first  Bandeau-Page-Normale avia-bg-style-scroll container_wrap sidebar_right'  data-section-bg-repeat='no-repeat'><div class='container av-section-cont-open' ><main  role=\"main\" itemprop=\"mainContentOfPage\"  class='template-page content  av-content-small alpha units'><div class='post-entry post-entry-type-page post-entry-1450'><div class='entry-content-wrapper clearfix'><\/div><\/div><\/main><!-- close content main element --><\/div><\/div><div id='after_section_1'  class='main_color av_default_container_wrap container_wrap sidebar_right'  ><div class='container av-section-cont-open' ><div class='template-page content  av-content-small alpha units'><div class='post-entry post-entry-type-page post-entry-1450'><div class='entry-content-wrapper clearfix'>\n<div class='flex_column av-2casnu-ea371a1f1ee5ad968d9e7373238228d5 av_three_fourth  avia-builder-el-1  el_after_av_section  el_before_av_one_full  avia-builder-el-first  first flex_column_div '   ><style type=\"text\/css\" data-created_by=\"avia_inline_auto\" id=\"style-css-av-l5znrq93-75f35d7b4d4010fc7d55d6bd2678e711\">\n#top .av_textblock_section.av-l5znrq93-75f35d7b4d4010fc7d55d6bd2678e711 .avia_textblock{\nfont-size:22px;\n}\n<\/style>\n<section  class='av_textblock_section av-l5znrq93-75f35d7b4d4010fc7d55d6bd2678e711'  itemscope=\"itemscope\" itemtype=\"https:\/\/schema.org\/CreativeWork\" ><div class='avia_textblock'  itemprop=\"text\" ><p>La corporation<strong> Accueillons un enfant (AUE)<\/strong> est une association sans but lucratif agr\u00e9\u00e9e uniquement pour le Qu\u00e9bec et habilet\u00e9 \u00e0 l\u2019adoption en Ha\u00efti.<\/p>\n<\/div><\/section><\/div>\n<div class='flex_column av-232ksa-3c4d8865ee6543c78a1c173cbe40e822 av_one_full  avia-builder-el-3  el_after_av_three_fourth  el_before_av_section  avia-builder-el-last  first flex_column_div column-top-margin'   ><section  id=\"Mission\"  class='av_textblock_section av-l5znt92c-48d0485d91bfeda8bf60846b02b016a9'  itemscope=\"itemscope\" itemtype=\"https:\/\/schema.org\/CreativeWork\" ><div class='avia_textblock'  itemprop=\"text\" ><h2>Notre Mission<\/h2>\n<\/div><\/section><br \/>\n<section  class='av_textblock_section av-l5znulj3-eb3122099ee4562fb4cc04fa3345a1d5'  itemscope=\"itemscope\" itemtype=\"https:\/\/schema.org\/CreativeWork\" ><div class='avia_textblock'  itemprop=\"text\" ><p>La mission d&rsquo;<strong>Accueillons un enfant<\/strong> est de permettre \u00e0 des enfants originaires d\u2019Ha\u00efti, orphelins ou librement abandonn\u00e9s, d&rsquo;\u00eatre accueillis dans des familles qu\u00e9b\u00e9coises, et de leur offrir les meilleures conditions possibles afin de favoriser leur d\u00e9veloppement et leur \u00e9panouissement. Le processus d&rsquo;adoption se fait dans le respect des lois en vigueur dans leur pays d\u2019origine, ainsi que dans le pays d\u2019accueil, tout en respectant les plus hauts standards d\u2019\u00e9thique (Convention de La Haye de 1993 sur la protection des enfants et la coop\u00e9ration en mati\u00e8re d&rsquo;adoption internationale) et dans le respect des principes de la<em> Convention des droits de l\u2019enfant (<\/em>CIDE), dont \u00able droit d\u2019avoir une famille, d\u2019\u00eatre entour\u00e9 et aim\u00e9\u00bb.<\/p>\n<p>La corporation <strong>Accueillons un enfant<\/strong> joue le r\u00f4le d&rsquo;interm\u00e9diaire entre les personnes ou organismes d&rsquo;un pays \u00e9tranger et les parents qu\u00e9b\u00e9cois \u00e9valu\u00e9s positivement et d\u00e9sireux d&rsquo;adopter un enfant abandonn\u00e9 ou orphelin.<\/p>\n<ul>\n<li>L&rsquo;AUE soutient les parents adoptants dans la r\u00e9alisation de leurs projets d\u2019adoption.<\/li>\n<li>L&rsquo;AUE offre aux familles adoptantes des services en pr\u00e9adoption et postadoption.<\/li>\n<\/ul>\n<p>Les valeurs qui influencent chacun de nos gestes sont l\u2019int\u00e9grit\u00e9, la transparence et le respect.<\/p>\n<p>Nous collaboration \u00e9troitement avec la Fondation <strong>Aidons un enfan<\/strong>t afin de maximiser l\u2019impact positif de nos actions sur les pays d\u2019adoption avec qui nous collaborons.<\/p>\n<\/div><\/section><br \/>\n\n<style type=\"text\/css\" data-created_by=\"avia_inline_auto\" id=\"style-css-av-lmcoogjo-15817bb87713524a81337558a1329e43\">\n#top .hr.hr-invisible.av-lmcoogjo-15817bb87713524a81337558a1329e43{\nheight:30px;\n}\n<\/style>\n<div  class='hr av-lmcoogjo-15817bb87713524a81337558a1329e43 hr-invisible  avia-builder-el-6  el_after_av_textblock  el_before_av_textblock '><span class='hr-inner '><span class=\"hr-inner-style\"><\/span><\/span><\/div><br \/>\n<section  id=\"Mission\"  class='av_textblock_section av-l5znvhef-de0d7c0c74c24e77ce8dba21cd652e86'  itemscope=\"itemscope\" itemtype=\"https:\/\/schema.org\/CreativeWork\" ><div class='avia_textblock'  itemprop=\"text\" ><h2>Notre histoire<\/h2>\n<\/div><\/section><br \/>\n<section  class='av_textblock_section av-l5znw59r-d9857d4e29c905ac9759cb63658e41bf'  itemscope=\"itemscope\" itemtype=\"https:\/\/schema.org\/CreativeWork\" ><div class='avia_textblock'  itemprop=\"text\" ><p class=\"p1\">Les origines de la corporation <strong>Accueillons un enfant<\/strong> remontent au d\u00e9but des ann\u00e9es 1970 alors qu&rsquo;elle \u0153uvrait principalement en milieu anglophone sous l&rsquo;appellation \u00abWelcome a Child\u00bb. L&rsquo;organisme reposait alors sur les \u00e9paules de quelques couples qui, par leur connaissance personnelle de l&rsquo;adoption internationale, facilitaient l&rsquo;adoption d&rsquo;enfants \u00e0 l&rsquo;international pour des parents adoptants qui leur demandaient du soutien dans leurs d\u00e9marches.<\/p>\n<p class=\"p1\">Pendant cette p\u00e9riode d&rsquo;une dizaine d&rsquo;ann\u00e9es, environ quatre cents enfants furent adopt\u00e9s par des couples qu\u00e9b\u00e9cois avec le soutien des b\u00e9n\u00e9voles de \u00abWelcome a Child\u00bb. Devant l&rsquo;ampleur des dossiers en adoption \u00e0 l&rsquo;internationale, l&rsquo;\u00e9quipe de b\u00e9n\u00e9vole d\u00e9cida de se donner une meilleure structure organisationnelle.<\/p>\n<p class=\"p1\">La corporation <strong>Accueillons un enfant (AUE)<\/strong> voyait donc le jour en avril 1980 et, lors d&rsquo;une assembl\u00e9e g\u00e9n\u00e9rale tenue le 15 juin 1980, ses membres fondateurs adoptaient officiellement ses statuts et r\u00e8glements. Depuis ce temps, la Corporation a continuellement r\u00e9vis\u00e9 ses objectifs et r\u00e8glements \u00e0 la lumi\u00e8re de son exp\u00e9rience et des besoins de ses membres. Elle a contribu\u00e9 \u00e0 favoriser, chaque ann\u00e9e, l&rsquo;adoption de plusieurs enfants ha\u00eftiens par des parents qu\u00e9b\u00e9cois.<\/p>\n<p class=\"p1\">L&rsquo;<strong>AUE<\/strong> fut un des premiers organismes \u00e0 \u00eatre reconnus par le minist\u00e8re de la Sant\u00e9 et des Services sociaux afin d&rsquo;agir \u00e0 titre d&rsquo;interm\u00e9diaire en mati\u00e8re d&rsquo;adoption internationale. Depuis sa fondation officielle, plus de <strong>2 500 adoptions<\/strong> ont \u00e9t\u00e9 r\u00e9alis\u00e9es par son interm\u00e9diaire.<\/p>\n<p class=\"p1\">L\u2019objectif d\u2019<strong>Accueillons un enfant<\/strong> est de contribuer \u00e0 l&rsquo;adoption internationale en encadrant les d\u00e9marches des parents adoptants et adoptantes, avec int\u00e9grit\u00e9 et efficacit\u00e9. L&rsquo;organisme est reconnu conform\u00e9ment \u00e0 la loi d\u2019adoption du Qu\u00e9bec, et repr\u00e9sente une pr\u00e9sence stable et professionnelle dans le paysage de l&rsquo;adoption internationale au Qu\u00e9bec.<\/p>\n<\/div><\/section><\/p><\/div>\n<\/div><\/div><\/div><!-- close content main div --><\/div><\/div>\n<style type=\"text\/css\" data-created_by=\"avia_inline_auto\" id=\"style-css-av-3p2mje-014b837ad685c34b0297e7d124de4e22\">\n.avia-section.av-3p2mje-014b837ad685c34b0297e7d124de4e22{\nbackground-color:#f1fafd;\n}\n<\/style>\n<div id='av_section_2'  class='avia-section av-3p2mje-014b837ad685c34b0297e7d124de4e22 main_color avia-section-default avia-no-shadow  avia-builder-el-9  el_after_av_one_full  avia-builder-el-last  avia-bg-style-scroll container_wrap sidebar_right'  ><div class='container av-section-cont-open' ><div class='template-page content  av-content-small alpha units'><div class='post-entry post-entry-type-page post-entry-1450'><div class='entry-content-wrapper clearfix'>\n<section  class='av_textblock_section av-24rvkq-acc7ddcbd11b45d4df6f0cc9618bedd6'  itemscope=\"itemscope\" itemtype=\"https:\/\/schema.org\/CreativeWork\" ><div class='avia_textblock'  itemprop=\"text\" ><h3 style=\"text-align: center;\">Membres du Conseil d&rsquo;administration<\/h3>\n<p style=\"text-align: center;\"><strong>Nancy Couture, <\/strong>pr\u00e9sidente<\/p>\n<p style=\"text-align: center;\"><strong>Karine Harvey<\/strong>, vice-pr\u00e9sidente<\/p>\n<p style=\"text-align: center;\"><strong>Julie C\u00f4t\u00e9<\/strong>, secr\u00e9taire<\/p>\n<p style=\"text-align: center;\"><strong>Marc Thibault<\/strong>, tr\u00e9sorier<\/p>\n<p style=\"text-align: center;\"><strong>Joanne Jean<\/strong>, responsable administrative<\/p>\n<p style=\"text-align: center;\"><strong>Karine Gendron<\/strong>, Conseill\u00e8re, Infirmi\u00e8re clinicienne<\/p>\n<p style=\"text-align: center;\"><strong>Adriana De Souza Gomez<\/strong>, conseill\u00e8re<\/p>\n<p style=\"text-align: center;\"><strong>\u00c9milie Lapierre Pintal<\/strong>, conseill\u00e8re<\/p>\n<p style=\"text-align: center;\"><strong>Maria Lopez,<\/strong> conseill\u00e8re<\/p>\n<\/div><\/section>\n<\/div><\/div><\/div><!-- close content main div --><\/div><\/div><div id='after_section_2'  class='main_color av_default_container_wrap container_wrap sidebar_right'  ><div class='container av-section-cont-open' ><div class='template-page content  av-content-small alpha units'><div class='post-entry post-entry-type-page post-entry-1450'><div class='entry-content-wrapper clearfix'>\n","protected":false},"excerpt":{"rendered":"","protected":false},"author":1,"featured_media":2308,"parent":0,"menu_order":0,"comment_status":"closed","ping_status":"closed","template":"","meta":{"footnotes":""},"class_list":["post-1450","page","type-page","status-publish","has-post-thumbnail","hentry"],"yoast_head":"<!-- This site is optimized with the Yoast SEO plugin v27.4 - https:\/\/yoast.com\/product\/yoast-seo-wordpress\/ -->\n<title>La corporation Accueillons un\u00a0enfant\u00a0(AUE) - Agence qu\u00e9b\u00e9coise d&#039;adoption ||Accueillons un enfant<\/title>\n<meta name=\"robots\" content=\"index, follow, max-snippet:-1, max-image-preview:large, max-video-preview:-1\" \/>\n<link rel=\"canonical\" href=\"https:\/\/www.accueillons.ca\/aue\/la-corporation-accueillons-un-enfant-aue\/\" \/>\n<meta property=\"og:locale\" content=\"fr_FR\" \/>\n<meta property=\"og:type\" content=\"article\" \/>\n<meta property=\"og:title\" content=\"La corporation Accueillons un\u00a0enfant\u00a0(AUE) - Agence qu\u00e9b\u00e9coise d&#039;adoption ||Accueillons un enfant\" \/>\n<meta property=\"og:url\" content=\"https:\/\/www.accueillons.ca\/aue\/la-corporation-accueillons-un-enfant-aue\/\" \/>\n<meta property=\"og:site_name\" content=\"Agence qu\u00e9b\u00e9coise d&#039;adoption ||Accueillons un enfant\" \/>\n<meta property=\"article:modified_time\" content=\"2025-09-26T13:30:02+00:00\" \/>\n<meta property=\"og:image\" content=\"https:\/\/www.accueillons.ca\/aue\/wp-content\/uploads\/2023\/09\/Bandeau-Corporation-scaled.jpg\" \/>\n\t<meta property=\"og:image:width\" content=\"2560\" \/>\n\t<meta property=\"og:image:height\" content=\"709\" \/>\n\t<meta property=\"og:image:type\" content=\"image\/jpeg\" \/>\n<meta name=\"twitter:card\" content=\"summary_large_image\" \/>\n<meta name=\"twitter:label1\" content=\"Dur\u00e9e de lecture estim\u00e9e\" \/>\n\t<meta name=\"twitter:data1\" content=\"5 minutes\" \/>\n<script type=\"application\/ld+json\" class=\"yoast-schema-graph\">{\"@context\":\"https:\\\/\\\/schema.org\",\"@graph\":[{\"@type\":\"WebPage\",\"@id\":\"https:\\\/\\\/www.accueillons.ca\\\/aue\\\/la-corporation-accueillons-un-enfant-aue\\\/\",\"url\":\"https:\\\/\\\/www.accueillons.ca\\\/aue\\\/la-corporation-accueillons-un-enfant-aue\\\/\",\"name\":\"La corporation Accueillons un\u00a0enfant\u00a0(AUE) - Agence qu\u00e9b\u00e9coise d&#039;adoption ||Accueillons un enfant\",\"isPartOf\":{\"@id\":\"http:\\\/\\\/www.accueillons.ca\\\/aue\\\/#website\"},\"primaryImageOfPage\":{\"@id\":\"https:\\\/\\\/www.accueillons.ca\\\/aue\\\/la-corporation-accueillons-un-enfant-aue\\\/#primaryimage\"},\"image\":{\"@id\":\"https:\\\/\\\/www.accueillons.ca\\\/aue\\\/la-corporation-accueillons-un-enfant-aue\\\/#primaryimage\"},\"thumbnailUrl\":\"https:\\\/\\\/www.accueillons.ca\\\/aue\\\/wp-content\\\/uploads\\\/2023\\\/09\\\/Bandeau-Corporation-scaled.jpg\",\"datePublished\":\"2022-12-31T21:57:00+00:00\",\"dateModified\":\"2025-09-26T13:30:02+00:00\",\"breadcrumb\":{\"@id\":\"https:\\\/\\\/www.accueillons.ca\\\/aue\\\/la-corporation-accueillons-un-enfant-aue\\\/#breadcrumb\"},\"inLanguage\":\"fr-FR\",\"potentialAction\":[{\"@type\":\"ReadAction\",\"target\":[\"https:\\\/\\\/www.accueillons.ca\\\/aue\\\/la-corporation-accueillons-un-enfant-aue\\\/\"]}]},{\"@type\":\"ImageObject\",\"inLanguage\":\"fr-FR\",\"@id\":\"https:\\\/\\\/www.accueillons.ca\\\/aue\\\/la-corporation-accueillons-un-enfant-aue\\\/#primaryimage\",\"url\":\"https:\\\/\\\/www.accueillons.ca\\\/aue\\\/wp-content\\\/uploads\\\/2023\\\/09\\\/Bandeau-Corporation-scaled.jpg\",\"contentUrl\":\"https:\\\/\\\/www.accueillons.ca\\\/aue\\\/wp-content\\\/uploads\\\/2023\\\/09\\\/Bandeau-Corporation-scaled.jpg\",\"width\":2560,\"height\":709},{\"@type\":\"BreadcrumbList\",\"@id\":\"https:\\\/\\\/www.accueillons.ca\\\/aue\\\/la-corporation-accueillons-un-enfant-aue\\\/#breadcrumb\",\"itemListElement\":[{\"@type\":\"ListItem\",\"position\":1,\"name\":\"Accueil\",\"item\":\"http:\\\/\\\/www.accueillons.ca\\\/aue\\\/\"},{\"@type\":\"ListItem\",\"position\":2,\"name\":\"La corporation Accueillons un\u00a0enfant\u00a0(AUE)\"}]},{\"@type\":\"WebSite\",\"@id\":\"http:\\\/\\\/www.accueillons.ca\\\/aue\\\/#website\",\"url\":\"http:\\\/\\\/www.accueillons.ca\\\/aue\\\/\",\"name\":\"Agence qu\u00e9b\u00e9coise d&#039;adoption ||Accueillons un enfant\",\"description\":\"Agence qu\u00e9b\u00e9coise d&#039;adoption d&#039;enfants d&#039;Haiti\",\"publisher\":{\"@id\":\"http:\\\/\\\/www.accueillons.ca\\\/aue\\\/#organization\"},\"potentialAction\":[{\"@type\":\"SearchAction\",\"target\":{\"@type\":\"EntryPoint\",\"urlTemplate\":\"http:\\\/\\\/www.accueillons.ca\\\/aue\\\/?s={search_term_string}\"},\"query-input\":{\"@type\":\"PropertyValueSpecification\",\"valueRequired\":true,\"valueName\":\"search_term_string\"}}],\"inLanguage\":\"fr-FR\"},{\"@type\":\"Organization\",\"@id\":\"http:\\\/\\\/www.accueillons.ca\\\/aue\\\/#organization\",\"name\":\"Accueillons un enfant\",\"url\":\"http:\\\/\\\/www.accueillons.ca\\\/aue\\\/\",\"logo\":{\"@type\":\"ImageObject\",\"inLanguage\":\"fr-FR\",\"@id\":\"http:\\\/\\\/www.accueillons.ca\\\/aue\\\/#\\\/schema\\\/logo\\\/image\\\/\",\"url\":\"http:\\\/\\\/www.accueillons.ca\\\/aue\\\/wp-content\\\/uploads\\\/2017\\\/12\\\/cropped-logo-noir-transparent.png\",\"contentUrl\":\"http:\\\/\\\/www.accueillons.ca\\\/aue\\\/wp-content\\\/uploads\\\/2017\\\/12\\\/cropped-logo-noir-transparent.png\",\"width\":512,\"height\":512,\"caption\":\"Accueillons un enfant\"},\"image\":{\"@id\":\"http:\\\/\\\/www.accueillons.ca\\\/aue\\\/#\\\/schema\\\/logo\\\/image\\\/\"}}]}<\/script>\n<!-- \/ Yoast SEO plugin. -->","yoast_head_json":{"title":"La corporation Accueillons un\u00a0enfant\u00a0(AUE) - Agence qu\u00e9b\u00e9coise d&#039;adoption ||Accueillons un enfant","robots":{"index":"index","follow":"follow","max-snippet":"max-snippet:-1","max-image-preview":"max-image-preview:large","max-video-preview":"max-video-preview:-1"},"canonical":"https:\/\/www.accueillons.ca\/aue\/la-corporation-accueillons-un-enfant-aue\/","og_locale":"fr_FR","og_type":"article","og_title":"La corporation Accueillons un\u00a0enfant\u00a0(AUE) - Agence qu\u00e9b\u00e9coise d&#039;adoption ||Accueillons un enfant","og_url":"https:\/\/www.accueillons.ca\/aue\/la-corporation-accueillons-un-enfant-aue\/","og_site_name":"Agence qu\u00e9b\u00e9coise d&#039;adoption ||Accueillons un enfant","article_modified_time":"2025-09-26T13:30:02+00:00","og_image":[{"width":2560,"height":709,"url":"https:\/\/www.accueillons.ca\/aue\/wp-content\/uploads\/2023\/09\/Bandeau-Corporation-scaled.jpg","type":"image\/jpeg"}],"twitter_card":"summary_large_image","twitter_misc":{"Dur\u00e9e de lecture estim\u00e9e":"5 minutes"},"schema":{"@context":"https:\/\/schema.org","@graph":[{"@type":"WebPage","@id":"https:\/\/www.accueillons.ca\/aue\/la-corporation-accueillons-un-enfant-aue\/","url":"https:\/\/www.accueillons.ca\/aue\/la-corporation-accueillons-un-enfant-aue\/","name":"La corporation Accueillons un\u00a0enfant\u00a0(AUE) - Agence qu\u00e9b\u00e9coise d&#039;adoption ||Accueillons un enfant","isPartOf":{"@id":"http:\/\/www.accueillons.ca\/aue\/#website"},"primaryImageOfPage":{"@id":"https:\/\/www.accueillons.ca\/aue\/la-corporation-accueillons-un-enfant-aue\/#primaryimage"},"image":{"@id":"https:\/\/www.accueillons.ca\/aue\/la-corporation-accueillons-un-enfant-aue\/#primaryimage"},"thumbnailUrl":"https:\/\/www.accueillons.ca\/aue\/wp-content\/uploads\/2023\/09\/Bandeau-Corporation-scaled.jpg","datePublished":"2022-12-31T21:57:00+00:00","dateModified":"2025-09-26T13:30:02+00:00","breadcrumb":{"@id":"https:\/\/www.accueillons.ca\/aue\/la-corporation-accueillons-un-enfant-aue\/#breadcrumb"},"inLanguage":"fr-FR","potentialAction":[{"@type":"ReadAction","target":["https:\/\/www.accueillons.ca\/aue\/la-corporation-accueillons-un-enfant-aue\/"]}]},{"@type":"ImageObject","inLanguage":"fr-FR","@id":"https:\/\/www.accueillons.ca\/aue\/la-corporation-accueillons-un-enfant-aue\/#primaryimage","url":"https:\/\/www.accueillons.ca\/aue\/wp-content\/uploads\/2023\/09\/Bandeau-Corporation-scaled.jpg","contentUrl":"https:\/\/www.accueillons.ca\/aue\/wp-content\/uploads\/2023\/09\/Bandeau-Corporation-scaled.jpg","width":2560,"height":709},{"@type":"BreadcrumbList","@id":"https:\/\/www.accueillons.ca\/aue\/la-corporation-accueillons-un-enfant-aue\/#breadcrumb","itemListElement":[{"@type":"ListItem","position":1,"name":"Accueil","item":"http:\/\/www.accueillons.ca\/aue\/"},{"@type":"ListItem","position":2,"name":"La corporation Accueillons un\u00a0enfant\u00a0(AUE)"}]},{"@type":"WebSite","@id":"http:\/\/www.accueillons.ca\/aue\/#website","url":"http:\/\/www.accueillons.ca\/aue\/","name":"Agence qu\u00e9b\u00e9coise d&#039;adoption ||Accueillons un enfant","description":"Agence qu\u00e9b\u00e9coise d&#039;adoption d&#039;enfants d&#039;Haiti","publisher":{"@id":"http:\/\/www.accueillons.ca\/aue\/#organization"},"potentialAction":[{"@type":"SearchAction","target":{"@type":"EntryPoint","urlTemplate":"http:\/\/www.accueillons.ca\/aue\/?s={search_term_string}"},"query-input":{"@type":"PropertyValueSpecification","valueRequired":true,"valueName":"search_term_string"}}],"inLanguage":"fr-FR"},{"@type":"Organization","@id":"http:\/\/www.accueillons.ca\/aue\/#organization","name":"Accueillons un enfant","url":"http:\/\/www.accueillons.ca\/aue\/","logo":{"@type":"ImageObject","inLanguage":"fr-FR","@id":"http:\/\/www.accueillons.ca\/aue\/#\/schema\/logo\/image\/","url":"http:\/\/www.accueillons.ca\/aue\/wp-content\/uploads\/2017\/12\/cropped-logo-noir-transparent.png","contentUrl":"http:\/\/www.accueillons.ca\/aue\/wp-content\/uploads\/2017\/12\/cropped-logo-noir-transparent.png","width":512,"height":512,"caption":"Accueillons un enfant"},"image":{"@id":"http:\/\/www.accueillons.ca\/aue\/#\/schema\/logo\/image\/"}}]}},"_links":{"self":[{"href":"https:\/\/www.accueillons.ca\/aue\/wp-json\/wp\/v2\/pages\/1450","targetHints":{"allow":["GET"]}}],"collection":[{"href":"https:\/\/www.accueillons.ca\/aue\/wp-json\/wp\/v2\/pages"}],"about":[{"href":"https:\/\/www.accueillons.ca\/aue\/wp-json\/wp\/v2\/types\/page"}],"author":[{"embeddable":true,"href":"https:\/\/www.accueillons.ca\/aue\/wp-json\/wp\/v2\/users\/1"}],"replies":[{"embeddable":true,"href":"https:\/\/www.accueillons.ca\/aue\/wp-json\/wp\/v2\/comments?post=1450"}],"version-history":[{"count":121,"href":"https:\/\/www.accueillons.ca\/aue\/wp-json\/wp\/v2\/pages\/1450\/revisions"}],"predecessor-version":[{"id":3209,"href":"https:\/\/www.accueillons.ca\/aue\/wp-json\/wp\/v2\/pages\/1450\/revisions\/3209"}],"wp:featuredmedia":[{"embeddable":true,"href":"https:\/\/www.accueillons.ca\/aue\/wp-json\/wp\/v2\/media\/2308"}],"wp:attachment":[{"href":"https:\/\/www.accueillons.ca\/aue\/wp-json\/wp\/v2\/media?parent=1450"}],"curies":[{"name":"wp","href":"https:\/\/api.w.org\/{rel}","templated":true}]}}