{"id":1549,"date":"2022-07-23T18:52:38","date_gmt":"2022-07-23T18:52:38","guid":{"rendered":"http:\/\/www.accueillons.ca\/aue\/?page_id=1549"},"modified":"2023-04-23T15:35:06","modified_gmt":"2023-04-23T15:35:06","slug":"nous-joindre","status":"publish","type":"page","link":"https:\/\/www.accueillons.ca\/aue\/nous-joindre\/","title":{"rendered":"Nous joindre"},"content":{"rendered":"\n<section  class='av_textblock_section av-kyyxxzx5-10059c560725ef3e78d4dee943e55c60'  itemscope=\"itemscope\" itemtype=\"https:\/\/schema.org\/CreativeWork\" ><div class='avia_textblock'  itemprop=\"text\" ><h1><strong>Accueillons un enfant<\/strong><\/h1>\n<p>Agence qu\u00e9b\u00e9coise d&rsquo;adoption<\/p>\n<\/div><\/section>\n<div class='flex_column av-a3x0we-52da4031730c49964da7ed4bcc10cb4c av_one_third  avia-builder-el-2  el_after_av_textblock  el_before_av_two_third  first flex_column_div column-top-margin'   ><style type=\"text\/css\" data-created_by=\"avia_inline_auto\" id=\"style-css-av-kyyv6nak-134b06e9a1d77350ea2b06fd4c311829\">\n.avia-image-container.av-kyyv6nak-134b06e9a1d77350ea2b06fd4c311829 .av-image-caption-overlay-center{\ncolor:#ffffff;\n}\n<\/style>\n<div  class='avia-image-container av-kyyv6nak-134b06e9a1d77350ea2b06fd4c311829 av-styling- avia-align-center  avia-builder-el-3  avia-builder-el-no-sibling '  itemprop=\"image\" itemscope=\"itemscope\" itemtype=\"https:\/\/schema.org\/ImageObject\" ><div class=\"avia-image-container-inner\"><div class=\"avia-image-overlay-wrap\"><img decoding=\"async\" class='wp-image-1088 avia-img-lazy-loading-not-1088 avia_image' src=\"https:\/\/www.accueillons.ca\/aue\/wp-content\/uploads\/2017\/11\/silhouette-of-family-playing-on-the-beach_1160-596-1.jpg\" alt='' title='silhouette-of-family-playing-on-the-beach_1160-596 (1)'  height=\"417\" width=\"626\"  itemprop=\"thumbnailUrl\" srcset=\"https:\/\/www.accueillons.ca\/aue\/wp-content\/uploads\/2017\/11\/silhouette-of-family-playing-on-the-beach_1160-596-1.jpg 626w, https:\/\/www.accueillons.ca\/aue\/wp-content\/uploads\/2017\/11\/silhouette-of-family-playing-on-the-beach_1160-596-1-300x200.jpg 300w, https:\/\/www.accueillons.ca\/aue\/wp-content\/uploads\/2017\/11\/silhouette-of-family-playing-on-the-beach_1160-596-1-370x246.jpg 370w\" sizes=\"(max-width: 626px) 100vw, 626px\" \/><\/div><\/div><\/div><\/div>\n<div class='flex_column av-9wmoge-940130a716d186999b6fa7b889760c56 av_two_third  avia-builder-el-4  el_after_av_one_third  el_before_av_three_fifth  flex_column_div column-top-margin'   ><section  class='av_textblock_section av-kyyv38hr-450b07382752a01afae43a6721c8e175'  itemscope=\"itemscope\" itemtype=\"https:\/\/schema.org\/CreativeWork\" ><div class='avia_textblock'  itemprop=\"text\" ><p class=\"p1\"><b>Accueillons un enfant est une corporation \u00e0 but non lucratif qui a pour mission d\u2019accompagner les parents qu\u00e9b\u00e9cois dans leurs d\u00e9marches d\u2019adoption d\u2019enfants ha\u00eftiens.<\/b><\/p>\n<p class=\"p1\">L\u2019organisme soutient les familles adoptantes en d\u00e9veloppant des outils de r\u00e9f\u00e9rence en pr\u00e9paration pour les diff\u00e9rentes \u00e9tapes du projet.<\/p>\n<p class=\"p1\">Accueillons un enfant travaillera en 2023 \u00e0 la mise \u00e0 jour de son site web, mais il est toujours possible de communiquer avec nous pour toutes questions ou pour d\u00e9buter des d\u00e9marches d&rsquo;adoption en Ha\u00efti \u00e0 l&rsquo;aide du formulaire ci-dessous.<\/p>\n<\/div><\/section><\/div><div class='flex_column av-7tomtq-b6101173189f8201ee7c44585e2c598d av_three_fifth  avia-builder-el-6  el_after_av_two_third  avia-builder-el-last  first flex_column_div column-top-margin'   ><form action=\"https:\/\/www.accueillons.ca\/aue\/nous-joindre\/\" method=\"post\"  class=\"avia_ajax_form av-form-labels-visible   avia-builder-el-7  avia-builder-el-no-sibling   \" data-avia-form-id=\"1\" data-avia-redirect='' ><h3 class=''>Contacter Accueillons un enfant<\/h3><fieldset><p class='  first_form  form_element form_fullwidth' id='element_avia_1_1'><label for=\"avia_1_1\">Nom <abbr class=\"required\" title=\"requis(e)\">*<\/abbr><\/label> <input name=\"avia_1_1\" class=\"text_input is_empty\" type=\"text\" id=\"avia_1_1\" value=\"\" \/><\/p><p class='  first_form  form_element form_fullwidth' id='element_avia_2_1'><label for=\"avia_2_1\">courriel <abbr class=\"required\" title=\"requis(e)\">*<\/abbr><\/label> <input name=\"avia_2_1\" class=\"text_input is_email\" type=\"text\" id=\"avia_2_1\" value=\"\" \/><\/p><p class='  first_form  form_element form_fullwidth' id='element_avia_3_1'><label for=\"avia_3_1\">Sujet <abbr class=\"required\" title=\"requis(e)\">*<\/abbr><\/label> <input name=\"avia_3_1\" class=\"text_input is_empty\" type=\"text\" id=\"avia_3_1\" value=\"\" \/><\/p><p class='  first_form  form_element form_fullwidth av-last-visible-form-element' id='element_avia_4_1'><label for=\"avia_4_1\" class=\"textare_label hidden textare_label_avia_4_1\">Message <abbr class=\"required\" title=\"requis(e)\">*<\/abbr><\/label><textarea  name=\"avia_4_1\" class=\"text_area is_empty\" cols=\"40\" rows=\"7\" id=\"avia_4_1\" ><\/textarea><\/p><p class=\"hidden\"><input type=\"text\" name=\"avia_5_1\" class=\"hidden \" id=\"avia_5_1\" value=\"\" \/><\/p><p class=\"form_element \"><input type=\"hidden\" value=\"1\" name=\"avia_generated_form1\" \/><input type=\"submit\" value=\"Envoyer\" class=\"button\"  data-sending-label=\"Envoi\"\/><\/p><\/fieldset><\/form><div id=\"ajaxresponse_1\" class=\"ajaxresponse ajaxresponse_1 hidden\"><\/div><\/div><\/p>\n","protected":false},"excerpt":{"rendered":"","protected":false},"author":1,"featured_media":0,"parent":0,"menu_order":0,"comment_status":"closed","ping_status":"closed","template":"","meta":{"footnotes":""},"class_list":["post-1549","page","type-page","status-publish","hentry"],"yoast_head":"<!-- This site is optimized with the Yoast SEO plugin v27.4 - https:\/\/yoast.com\/product\/yoast-seo-wordpress\/ -->\n<title>Nous joindre - Agence qu\u00e9b\u00e9coise d&#039;adoption ||Accueillons un enfant<\/title>\n<meta name=\"robots\" content=\"index, follow, max-snippet:-1, max-image-preview:large, max-video-preview:-1\" \/>\n<link rel=\"canonical\" href=\"http:\/\/www.accueillons.ca\/aue\/nous-joindre\/\" \/>\n<meta property=\"og:locale\" content=\"fr_FR\" \/>\n<meta property=\"og:type\" content=\"article\" \/>\n<meta property=\"og:title\" content=\"Nous joindre - Agence qu\u00e9b\u00e9coise d&#039;adoption ||Accueillons un enfant\" \/>\n<meta property=\"og:url\" content=\"http:\/\/www.accueillons.ca\/aue\/nous-joindre\/\" \/>\n<meta property=\"og:site_name\" content=\"Agence qu\u00e9b\u00e9coise d&#039;adoption ||Accueillons un enfant\" \/>\n<meta property=\"article:modified_time\" content=\"2023-04-23T15:35:06+00:00\" \/>\n<meta name=\"twitter:card\" content=\"summary_large_image\" \/>\n<meta name=\"twitter:label1\" content=\"Dur\u00e9e de lecture estim\u00e9e\" \/>\n\t<meta name=\"twitter:data1\" content=\"3 minutes\" \/>\n<script type=\"application\/ld+json\" class=\"yoast-schema-graph\">{\"@context\":\"https:\\\/\\\/schema.org\",\"@graph\":[{\"@type\":\"WebPage\",\"@id\":\"http:\\\/\\\/www.accueillons.ca\\\/aue\\\/nous-joindre\\\/\",\"url\":\"http:\\\/\\\/www.accueillons.ca\\\/aue\\\/nous-joindre\\\/\",\"name\":\"Nous joindre - Agence qu\u00e9b\u00e9coise d&#039;adoption ||Accueillons un enfant\",\"isPartOf\":{\"@id\":\"http:\\\/\\\/www.accueillons.ca\\\/aue\\\/#website\"},\"datePublished\":\"2022-07-23T18:52:38+00:00\",\"dateModified\":\"2023-04-23T15:35:06+00:00\",\"breadcrumb\":{\"@id\":\"http:\\\/\\\/www.accueillons.ca\\\/aue\\\/nous-joindre\\\/#breadcrumb\"},\"inLanguage\":\"fr-FR\",\"potentialAction\":[{\"@type\":\"ReadAction\",\"target\":[\"http:\\\/\\\/www.accueillons.ca\\\/aue\\\/nous-joindre\\\/\"]}]},{\"@type\":\"BreadcrumbList\",\"@id\":\"http:\\\/\\\/www.accueillons.ca\\\/aue\\\/nous-joindre\\\/#breadcrumb\",\"itemListElement\":[{\"@type\":\"ListItem\",\"position\":1,\"name\":\"Accueil\",\"item\":\"http:\\\/\\\/www.accueillons.ca\\\/aue\\\/\"},{\"@type\":\"ListItem\",\"position\":2,\"name\":\"Nous joindre\"}]},{\"@type\":\"WebSite\",\"@id\":\"http:\\\/\\\/www.accueillons.ca\\\/aue\\\/#website\",\"url\":\"http:\\\/\\\/www.accueillons.ca\\\/aue\\\/\",\"name\":\"Agence qu\u00e9b\u00e9coise d&#039;adoption ||Accueillons un enfant\",\"description\":\"Agence qu\u00e9b\u00e9coise d&#039;adoption d&#039;enfants d&#039;Haiti\",\"publisher\":{\"@id\":\"http:\\\/\\\/www.accueillons.ca\\\/aue\\\/#organization\"},\"potentialAction\":[{\"@type\":\"SearchAction\",\"target\":{\"@type\":\"EntryPoint\",\"urlTemplate\":\"http:\\\/\\\/www.accueillons.ca\\\/aue\\\/?s={search_term_string}\"},\"query-input\":{\"@type\":\"PropertyValueSpecification\",\"valueRequired\":true,\"valueName\":\"search_term_string\"}}],\"inLanguage\":\"fr-FR\"},{\"@type\":\"Organization\",\"@id\":\"http:\\\/\\\/www.accueillons.ca\\\/aue\\\/#organization\",\"name\":\"Accueillons un enfant\",\"url\":\"http:\\\/\\\/www.accueillons.ca\\\/aue\\\/\",\"logo\":{\"@type\":\"ImageObject\",\"inLanguage\":\"fr-FR\",\"@id\":\"http:\\\/\\\/www.accueillons.ca\\\/aue\\\/#\\\/schema\\\/logo\\\/image\\\/\",\"url\":\"http:\\\/\\\/www.accueillons.ca\\\/aue\\\/wp-content\\\/uploads\\\/2017\\\/12\\\/cropped-logo-noir-transparent.png\",\"contentUrl\":\"http:\\\/\\\/www.accueillons.ca\\\/aue\\\/wp-content\\\/uploads\\\/2017\\\/12\\\/cropped-logo-noir-transparent.png\",\"width\":512,\"height\":512,\"caption\":\"Accueillons un enfant\"},\"image\":{\"@id\":\"http:\\\/\\\/www.accueillons.ca\\\/aue\\\/#\\\/schema\\\/logo\\\/image\\\/\"}}]}<\/script>\n<!-- \/ Yoast SEO plugin. -->","yoast_head_json":{"title":"Nous joindre - Agence qu\u00e9b\u00e9coise d&#039;adoption ||Accueillons un enfant","robots":{"index":"index","follow":"follow","max-snippet":"max-snippet:-1","max-image-preview":"max-image-preview:large","max-video-preview":"max-video-preview:-1"},"canonical":"http:\/\/www.accueillons.ca\/aue\/nous-joindre\/","og_locale":"fr_FR","og_type":"article","og_title":"Nous joindre - Agence qu\u00e9b\u00e9coise d&#039;adoption ||Accueillons un enfant","og_url":"http:\/\/www.accueillons.ca\/aue\/nous-joindre\/","og_site_name":"Agence qu\u00e9b\u00e9coise d&#039;adoption ||Accueillons un enfant","article_modified_time":"2023-04-23T15:35:06+00:00","twitter_card":"summary_large_image","twitter_misc":{"Dur\u00e9e de lecture estim\u00e9e":"3 minutes"},"schema":{"@context":"https:\/\/schema.org","@graph":[{"@type":"WebPage","@id":"http:\/\/www.accueillons.ca\/aue\/nous-joindre\/","url":"http:\/\/www.accueillons.ca\/aue\/nous-joindre\/","name":"Nous joindre - Agence qu\u00e9b\u00e9coise d&#039;adoption ||Accueillons un enfant","isPartOf":{"@id":"http:\/\/www.accueillons.ca\/aue\/#website"},"datePublished":"2022-07-23T18:52:38+00:00","dateModified":"2023-04-23T15:35:06+00:00","breadcrumb":{"@id":"http:\/\/www.accueillons.ca\/aue\/nous-joindre\/#breadcrumb"},"inLanguage":"fr-FR","potentialAction":[{"@type":"ReadAction","target":["http:\/\/www.accueillons.ca\/aue\/nous-joindre\/"]}]},{"@type":"BreadcrumbList","@id":"http:\/\/www.accueillons.ca\/aue\/nous-joindre\/#breadcrumb","itemListElement":[{"@type":"ListItem","position":1,"name":"Accueil","item":"http:\/\/www.accueillons.ca\/aue\/"},{"@type":"ListItem","position":2,"name":"Nous joindre"}]},{"@type":"WebSite","@id":"http:\/\/www.accueillons.ca\/aue\/#website","url":"http:\/\/www.accueillons.ca\/aue\/","name":"Agence qu\u00e9b\u00e9coise d&#039;adoption ||Accueillons un enfant","description":"Agence qu\u00e9b\u00e9coise d&#039;adoption d&#039;enfants d&#039;Haiti","publisher":{"@id":"http:\/\/www.accueillons.ca\/aue\/#organization"},"potentialAction":[{"@type":"SearchAction","target":{"@type":"EntryPoint","urlTemplate":"http:\/\/www.accueillons.ca\/aue\/?s={search_term_string}"},"query-input":{"@type":"PropertyValueSpecification","valueRequired":true,"valueName":"search_term_string"}}],"inLanguage":"fr-FR"},{"@type":"Organization","@id":"http:\/\/www.accueillons.ca\/aue\/#organization","name":"Accueillons un enfant","url":"http:\/\/www.accueillons.ca\/aue\/","logo":{"@type":"ImageObject","inLanguage":"fr-FR","@id":"http:\/\/www.accueillons.ca\/aue\/#\/schema\/logo\/image\/","url":"http:\/\/www.accueillons.ca\/aue\/wp-content\/uploads\/2017\/12\/cropped-logo-noir-transparent.png","contentUrl":"http:\/\/www.accueillons.ca\/aue\/wp-content\/uploads\/2017\/12\/cropped-logo-noir-transparent.png","width":512,"height":512,"caption":"Accueillons un enfant"},"image":{"@id":"http:\/\/www.accueillons.ca\/aue\/#\/schema\/logo\/image\/"}}]}},"_links":{"self":[{"href":"https:\/\/www.accueillons.ca\/aue\/wp-json\/wp\/v2\/pages\/1549","targetHints":{"allow":["GET"]}}],"collection":[{"href":"https:\/\/www.accueillons.ca\/aue\/wp-json\/wp\/v2\/pages"}],"about":[{"href":"https:\/\/www.accueillons.ca\/aue\/wp-json\/wp\/v2\/types\/page"}],"author":[{"embeddable":true,"href":"https:\/\/www.accueillons.ca\/aue\/wp-json\/wp\/v2\/users\/1"}],"replies":[{"embeddable":true,"href":"https:\/\/www.accueillons.ca\/aue\/wp-json\/wp\/v2\/comments?post=1549"}],"version-history":[{"count":4,"href":"https:\/\/www.accueillons.ca\/aue\/wp-json\/wp\/v2\/pages\/1549\/revisions"}],"predecessor-version":[{"id":2053,"href":"https:\/\/www.accueillons.ca\/aue\/wp-json\/wp\/v2\/pages\/1549\/revisions\/2053"}],"wp:attachment":[{"href":"https:\/\/www.accueillons.ca\/aue\/wp-json\/wp\/v2\/media?parent=1549"}],"curies":[{"name":"wp","href":"https:\/\/api.w.org\/{rel}","templated":true}]}}